{"id":2051,"date":"2024-04-16T18:22:15","date_gmt":"2024-04-17T00:22:15","guid":{"rendered":"https:\/\/julietromero.com\/?post_type=product&#038;p=2051"},"modified":"2025-04-04T13:04:12","modified_gmt":"2025-04-04T19:04:12","slug":"introduccion","status":"publish","type":"product","link":"https:\/\/julietromero.com\/en\/product\/introduccion\/","title":{"rendered":"The Opening"},"content":{"rendered":"<p>Duration: Single Session. \nIn this first session, we will dive deep into your goals and what you want to work on, providing a comprehensive assessment of your needs. It includes a detailed analysis, personalized recommendations, and an initial plan to start your journey toward change.<\/p>\n<p>&nbsp;<\/p>","protected":false},"excerpt":{"rendered":"<p>Discover how coaching can help you achieve your goals and dreams.<\/p>","protected":false},"featured_media":2047,"template":"","meta":[],"product_brand":[],"product_cat":[43],"product_tag":[44],"class_list":{"0":"post-2051","1":"product","2":"type-product","3":"status-publish","4":"has-post-thumbnail","6":"product_cat-sesiones","7":"product_tag-introduccion","9":"first","10":"instock","11":"downloadable","12":"virtual","13":"taxable","14":"purchasable","15":"product-type-simple"},"yoast_head":"<!-- This site is optimized with the Yoast SEO plugin v27.4 - https:\/\/yoast.com\/product\/yoast-seo-wordpress\/ -->\n<title>La Apertura - Juliet Romero<\/title>\n<meta name=\"robots\" content=\"index, follow, max-snippet:-1, max-image-preview:large, max-video-preview:-1\" \/>\n<link rel=\"canonical\" href=\"https:\/\/julietromero.com\/en\/product\/introduccion\/\" \/>\n<meta property=\"og:locale\" content=\"en_US\" \/>\n<meta property=\"og:type\" content=\"article\" \/>\n<meta property=\"og:title\" content=\"La Apertura - Juliet Romero\" \/>\n<meta property=\"og:description\" content=\"Descubre c\u00f3mo el coaching puede ayudarte a alcanzar tus metas y sue\u00f1os.\" \/>\n<meta property=\"og:url\" content=\"https:\/\/julietromero.com\/en\/product\/introduccion\/\" \/>\n<meta property=\"og:site_name\" content=\"Juliet Romero\" \/>\n<meta property=\"article:modified_time\" content=\"2025-04-04T19:04:12+00:00\" \/>\n<meta property=\"og:image\" content=\"http:\/\/julietromero.com\/wp-content\/uploads\/2024\/03\/Revive-y-florece-modulo-tres.png\" \/>\n\t<meta property=\"og:image:width\" content=\"1080\" \/>\n\t<meta property=\"og:image:height\" content=\"1080\" \/>\n\t<meta property=\"og:image:type\" content=\"image\/png\" \/>\n<meta name=\"twitter:card\" content=\"summary_large_image\" \/>\n<meta name=\"twitter:label1\" content=\"Est. reading time\" \/>\n\t<meta name=\"twitter:data1\" content=\"1 minute\" \/>\n<script type=\"application\/ld+json\" class=\"yoast-schema-graph\">{\"@context\":\"https:\\\/\\\/schema.org\",\"@graph\":[{\"@type\":\"WebPage\",\"@id\":\"https:\\\/\\\/julietromero.com\\\/producto\\\/introduccion\\\/\",\"url\":\"https:\\\/\\\/julietromero.com\\\/producto\\\/introduccion\\\/\",\"name\":\"La Apertura - Juliet Romero\",\"isPartOf\":{\"@id\":\"https:\\\/\\\/julietromero.com\\\/#website\"},\"primaryImageOfPage\":{\"@id\":\"https:\\\/\\\/julietromero.com\\\/producto\\\/introduccion\\\/#primaryimage\"},\"image\":{\"@id\":\"https:\\\/\\\/julietromero.com\\\/producto\\\/introduccion\\\/#primaryimage\"},\"thumbnailUrl\":\"https:\\\/\\\/julietromero.com\\\/wp-content\\\/uploads\\\/2024\\\/03\\\/Revive-y-florece-modulo-tres.png\",\"datePublished\":\"2024-04-17T00:22:15+00:00\",\"dateModified\":\"2025-04-04T19:04:12+00:00\",\"breadcrumb\":{\"@id\":\"https:\\\/\\\/julietromero.com\\\/producto\\\/introduccion\\\/#breadcrumb\"},\"inLanguage\":\"en-US\",\"potentialAction\":[{\"@type\":\"ReadAction\",\"target\":[\"https:\\\/\\\/julietromero.com\\\/producto\\\/introduccion\\\/\"]}]},{\"@type\":\"ImageObject\",\"inLanguage\":\"en-US\",\"@id\":\"https:\\\/\\\/julietromero.com\\\/producto\\\/introduccion\\\/#primaryimage\",\"url\":\"https:\\\/\\\/julietromero.com\\\/wp-content\\\/uploads\\\/2024\\\/03\\\/Revive-y-florece-modulo-tres.png\",\"contentUrl\":\"https:\\\/\\\/julietromero.com\\\/wp-content\\\/uploads\\\/2024\\\/03\\\/Revive-y-florece-modulo-tres.png\",\"width\":1080,\"height\":1080,\"caption\":\"Revive-y-florece-modulo-tres\"},{\"@type\":\"BreadcrumbList\",\"@id\":\"https:\\\/\\\/julietromero.com\\\/producto\\\/introduccion\\\/#breadcrumb\",\"itemListElement\":[{\"@type\":\"ListItem\",\"position\":1,\"name\":\"Portada\",\"item\":\"https:\\\/\\\/julietromero.com\\\/\"},{\"@type\":\"ListItem\",\"position\":2,\"name\":\"Tienda\",\"item\":\"https:\\\/\\\/julietromero.com\\\/tienda\\\/\"},{\"@type\":\"ListItem\",\"position\":3,\"name\":\"La Apertura\"}]},{\"@type\":\"WebSite\",\"@id\":\"https:\\\/\\\/julietromero.com\\\/#website\",\"url\":\"https:\\\/\\\/julietromero.com\\\/\",\"name\":\"Juliet Romero\",\"description\":\"Sesiones privadas de asesoramiento basado en coaching profesional, teor\u00edas y t\u00e9cnicas de la psicolog\u00eda.\",\"publisher\":{\"@id\":\"https:\\\/\\\/julietromero.com\\\/#organization\"},\"potentialAction\":[{\"@type\":\"SearchAction\",\"target\":{\"@type\":\"EntryPoint\",\"urlTemplate\":\"https:\\\/\\\/julietromero.com\\\/?s={search_term_string}\"},\"query-input\":{\"@type\":\"PropertyValueSpecification\",\"valueRequired\":true,\"valueName\":\"search_term_string\"}}],\"inLanguage\":\"en-US\"},{\"@type\":\"Organization\",\"@id\":\"https:\\\/\\\/julietromero.com\\\/#organization\",\"name\":\"Juliet Romero\",\"url\":\"https:\\\/\\\/julietromero.com\\\/\",\"logo\":{\"@type\":\"ImageObject\",\"inLanguage\":\"en-US\",\"@id\":\"https:\\\/\\\/julietromero.com\\\/#\\\/schema\\\/logo\\\/image\\\/\",\"url\":\"https:\\\/\\\/julietromero.com\\\/wp-content\\\/uploads\\\/2021\\\/10\\\/WhatsApp-Image-2021-10-28-at-5.38.14-PM_preview_rev_1.png\",\"contentUrl\":\"https:\\\/\\\/julietromero.com\\\/wp-content\\\/uploads\\\/2021\\\/10\\\/WhatsApp-Image-2021-10-28-at-5.38.14-PM_preview_rev_1.png\",\"width\":500,\"height\":500,\"caption\":\"Juliet Romero\"},\"image\":{\"@id\":\"https:\\\/\\\/julietromero.com\\\/#\\\/schema\\\/logo\\\/image\\\/\"}}]}<\/script>\n<!-- \/ Yoast SEO plugin. -->","yoast_head_json":{"title":"La Apertura - Juliet Romero","robots":{"index":"index","follow":"follow","max-snippet":"max-snippet:-1","max-image-preview":"max-image-preview:large","max-video-preview":"max-video-preview:-1"},"canonical":"https:\/\/julietromero.com\/en\/product\/introduccion\/","og_locale":"en_US","og_type":"article","og_title":"La Apertura - Juliet Romero","og_description":"Descubre c\u00f3mo el coaching puede ayudarte a alcanzar tus metas y sue\u00f1os.","og_url":"https:\/\/julietromero.com\/en\/product\/introduccion\/","og_site_name":"Juliet Romero","article_modified_time":"2025-04-04T19:04:12+00:00","og_image":[{"width":1080,"height":1080,"url":"http:\/\/julietromero.com\/wp-content\/uploads\/2024\/03\/Revive-y-florece-modulo-tres.png","type":"image\/png"}],"twitter_card":"summary_large_image","twitter_misc":{"Est. reading time":"1 minute"},"schema":{"@context":"https:\/\/schema.org","@graph":[{"@type":"WebPage","@id":"https:\/\/julietromero.com\/producto\/introduccion\/","url":"https:\/\/julietromero.com\/producto\/introduccion\/","name":"La Apertura - Juliet Romero","isPartOf":{"@id":"https:\/\/julietromero.com\/#website"},"primaryImageOfPage":{"@id":"https:\/\/julietromero.com\/producto\/introduccion\/#primaryimage"},"image":{"@id":"https:\/\/julietromero.com\/producto\/introduccion\/#primaryimage"},"thumbnailUrl":"https:\/\/julietromero.com\/wp-content\/uploads\/2024\/03\/Revive-y-florece-modulo-tres.png","datePublished":"2024-04-17T00:22:15+00:00","dateModified":"2025-04-04T19:04:12+00:00","breadcrumb":{"@id":"https:\/\/julietromero.com\/producto\/introduccion\/#breadcrumb"},"inLanguage":"en-US","potentialAction":[{"@type":"ReadAction","target":["https:\/\/julietromero.com\/producto\/introduccion\/"]}]},{"@type":"ImageObject","inLanguage":"en-US","@id":"https:\/\/julietromero.com\/producto\/introduccion\/#primaryimage","url":"https:\/\/julietromero.com\/wp-content\/uploads\/2024\/03\/Revive-y-florece-modulo-tres.png","contentUrl":"https:\/\/julietromero.com\/wp-content\/uploads\/2024\/03\/Revive-y-florece-modulo-tres.png","width":1080,"height":1080,"caption":"Revive-y-florece-modulo-tres"},{"@type":"BreadcrumbList","@id":"https:\/\/julietromero.com\/producto\/introduccion\/#breadcrumb","itemListElement":[{"@type":"ListItem","position":1,"name":"Portada","item":"https:\/\/julietromero.com\/"},{"@type":"ListItem","position":2,"name":"Tienda","item":"https:\/\/julietromero.com\/tienda\/"},{"@type":"ListItem","position":3,"name":"La Apertura"}]},{"@type":"WebSite","@id":"https:\/\/julietromero.com\/#website","url":"https:\/\/julietromero.com\/","name":"Juliet Romero","description":"Sesiones privadas de asesoramiento basado en coaching profesional, teor\u00edas y t\u00e9cnicas de la psicolog\u00eda.","publisher":{"@id":"https:\/\/julietromero.com\/#organization"},"potentialAction":[{"@type":"SearchAction","target":{"@type":"EntryPoint","urlTemplate":"https:\/\/julietromero.com\/?s={search_term_string}"},"query-input":{"@type":"PropertyValueSpecification","valueRequired":true,"valueName":"search_term_string"}}],"inLanguage":"en-US"},{"@type":"Organization","@id":"https:\/\/julietromero.com\/#organization","name":"Juliet Romero","url":"https:\/\/julietromero.com\/","logo":{"@type":"ImageObject","inLanguage":"en-US","@id":"https:\/\/julietromero.com\/#\/schema\/logo\/image\/","url":"https:\/\/julietromero.com\/wp-content\/uploads\/2021\/10\/WhatsApp-Image-2021-10-28-at-5.38.14-PM_preview_rev_1.png","contentUrl":"https:\/\/julietromero.com\/wp-content\/uploads\/2021\/10\/WhatsApp-Image-2021-10-28-at-5.38.14-PM_preview_rev_1.png","width":500,"height":500,"caption":"Juliet Romero"},"image":{"@id":"https:\/\/julietromero.com\/#\/schema\/logo\/image\/"}}]}},"_links":{"self":[{"href":"https:\/\/julietromero.com\/en\/wp-json\/wp\/v2\/product\/2051","targetHints":{"allow":["GET"]}}],"collection":[{"href":"https:\/\/julietromero.com\/en\/wp-json\/wp\/v2\/product"}],"about":[{"href":"https:\/\/julietromero.com\/en\/wp-json\/wp\/v2\/types\/product"}],"wp:featuredmedia":[{"embeddable":true,"href":"https:\/\/julietromero.com\/en\/wp-json\/wp\/v2\/media\/2047"}],"wp:attachment":[{"href":"https:\/\/julietromero.com\/en\/wp-json\/wp\/v2\/media?parent=2051"}],"wp:term":[{"taxonomy":"product_brand","embeddable":true,"href":"https:\/\/julietromero.com\/en\/wp-json\/wp\/v2\/product_brand?post=2051"},{"taxonomy":"product_cat","embeddable":true,"href":"https:\/\/julietromero.com\/en\/wp-json\/wp\/v2\/product_cat?post=2051"},{"taxonomy":"product_tag","embeddable":true,"href":"https:\/\/julietromero.com\/en\/wp-json\/wp\/v2\/product_tag?post=2051"}],"curies":[{"name":"wp","href":"https:\/\/api.w.org\/{rel}","templated":true}]}}