{"id":2792,"date":"2025-07-20T17:45:12","date_gmt":"2025-07-20T23:45:12","guid":{"rendered":"https:\/\/julietromero.com\/?page_id=2792"},"modified":"2025-07-25T13:48:17","modified_gmt":"2025-07-25T19:48:17","slug":"talleres","status":"publish","type":"page","link":"https:\/\/julietromero.com\/en\/talleres\/","title":{"rendered":"Talleres"},"content":{"rendered":"<div data-elementor-type=\"wp-page\" data-elementor-id=\"2792\" class=\"elementor elementor-2792\" data-elementor-settings=\"{&quot;ha_cmc_init_switcher&quot;:&quot;no&quot;}\">\n\t\t\t\t\t\t<section class=\"elementor-section elementor-top-section elementor-element elementor-element-37061a4 elementor-section-full_width elementor-section-height-default elementor-section-height-default\" data-id=\"37061a4\" data-element_type=\"section\" data-e-type=\"section\" data-settings=\"{&quot;_ha_eqh_enable&quot;:false}\">\n\t\t\t\t\t\t<div class=\"elementor-container elementor-column-gap-default\">\n\t\t\t\t\t<div class=\"elementor-column elementor-col-100 elementor-top-column elementor-element elementor-element-87f2e4e\" data-id=\"87f2e4e\" data-element_type=\"column\" data-e-type=\"column\">\n\t\t\t<div class=\"elementor-widget-wrap elementor-element-populated\">\n\t\t\t\t\t\t<div class=\"elementor-element elementor-element-6624e43 elementor-widget elementor-widget-spacer\" data-id=\"6624e43\" data-element_type=\"widget\" data-e-type=\"widget\" data-widget_type=\"spacer.default\">\n\t\t\t\t<div class=\"elementor-widget-container\">\n\t\t\t\t\t\t\t<div class=\"elementor-spacer\">\n\t\t\t<div class=\"elementor-spacer-inner\"><\/div>\n\t\t<\/div>\n\t\t\t\t\t\t<\/div>\n\t\t\t\t<\/div>\n\t\t\t\t\t<\/div>\n\t\t<\/div>\n\t\t\t\t\t<\/div>\n\t\t<\/section>\n\t\t\t\t<section class=\"elementor-section elementor-top-section elementor-element elementor-element-bffca23 elementor-section-full_width elementor-section-height-default elementor-section-height-default\" data-id=\"bffca23\" data-element_type=\"section\" data-e-type=\"section\" data-settings=\"{&quot;_ha_eqh_enable&quot;:false}\">\n\t\t\t\t\t\t<div class=\"elementor-container elementor-column-gap-default\">\n\t\t\t\t\t<div class=\"elementor-column elementor-col-100 elementor-top-column elementor-element elementor-element-b566018\" data-id=\"b566018\" data-element_type=\"column\" data-e-type=\"column\">\n\t\t\t<div class=\"elementor-widget-wrap elementor-element-populated\">\n\t\t\t\t\t\t<div class=\"elementor-element elementor-element-554d47e premium-woo-product-align-left premium-qv-hidden-yes elementor-widget elementor-widget-premium-woo-products\" data-id=\"554d47e\" data-element_type=\"widget\" data-e-type=\"widget\" data-widget_type=\"premium-woo-products.grid-6\">\n\t\t\t\t<div class=\"elementor-widget-container\">\n\t\t\t\t\t<div class=\"premium-woocommerce premium-woo-products-grid premium-woo-skin-grid-6 premium-woo-query-custom\" data-page-id=\"2792\" data-skin=\"grid_6\" data-quick-view=\"yes\"><div class=\"premium-woo-products-inner premium-woo-product__hover-swap\"><ul class=\"products columns-3\" data-products=\"type-1\">\n\n<li class=\"post-2691 product first instock sale virtual taxable purchasable product-type-simple\">\n\t<div class=\"premium-woo-product-wrapper premium-con-lq__none\">\n\t\t<div class=\"premium-woo-product-thumbnail\"><div class=\"premium-woo-ribbon-container\">\t<div class=\"premium-woo-product-sale-wrap\">\n\t\t<span class=\"premium-woo-product-onsale\">Sale! <\/span>\n\t<\/div>\n\t<\/div><a href=\"https:\/\/julietromero.com\/en\/product\/revive-flourish\/\" class=\"woocommerce-LoopProduct-link woocommerce-loop-product__link\"><img decoding=\"async\" src=\"https:\/\/julietromero.com\/wp-content\/uploads\/2025\/06\/foto-workshop.png\" alt=\"\"><\/a><div class=\"premium-woo-qv-btn\" data-product-id=\"2691\">Quick View<i class=\"premium-woo-qv-icon fa fa-eye\" aria-hidden=\"true\"><\/i><\/div><div class=\"premium-woo-product-gallery-images\"><\/div><\/div><div class=\"premium-woo-products-details-wrap\"><a href=\"https:\/\/julietromero.com\/en\/product\/revive-flourish\/\" class=\"premium-woo-product__link\"><h2 class=\"woocommerce-loop-product__title\">Revive &#038; Flourish Workshop<\/h2><\/a>\t\t\t<span class=\"premium-woo-product-category\">\n\t\t\t\tEnglish\t\t\t<\/span>\n\t\t\t<div class=\"premium-woo-product-info\">\n\t<span class=\"price\"><span class=\"sale-price\"><del aria-hidden=\"true\"><span class=\"woocommerce-Price-amount amount\"><bdi><span class=\"woocommerce-Price-currencySymbol\">&#36;<\/span>51.98<\/bdi><\/span><\/del> <span class=\"screen-reader-text\" data-no-translation=\"\" data-trp-gettext=\"\">Original price was: &#036;51.98.<\/span><ins aria-hidden=\"true\"><span class=\"woocommerce-Price-amount amount\"><bdi><span class=\"woocommerce-Price-currencySymbol\">&#36;<\/span>25.99<\/bdi><\/span><\/ins><span class=\"screen-reader-text\" data-no-translation=\"\" data-trp-gettext=\"\">Current price is: &#036;25.99.<\/span><\/span><\/span>\n<\/div><div class=\"premium-woo-atc-button\" ><a href=\"\/en\/wp-json\/wp\/v2\/pages\/2792?add-to-cart=2691\" aria-describedby=\"woocommerce_loop_add_to_cart_link_describedby_2691\" data-quantity=\"1\" class=\"button product_type_simple add_to_cart_button ajax_add_to_cart\" data-product_id=\"2691\" data-product_sku=\"\" aria-label=\"Add to cart: \u201cRevive &amp; Flourish Workshop\u201d\" rel=\"nofollow\" data-success_message=\"\u201cRevive &amp; Flourish Workshop\u201d has been added to your cart\" data-no-translation=\"\" data-trp-gettext=\"\" data-no-translation-aria-label=\"\" data-no-translation-data-success_message=\"\">Add to cart<\/a>\t<span id=\"woocommerce_loop_add_to_cart_link_describedby_2691\" class=\"screen-reader-text\">\n\t\t\t<\/span>\n<\/div><\/div>\t<\/div>\n<\/li>\n\n<li class=\"post-2074 product  instock sale downloadable virtual taxable purchasable product-type-simple\">\n\t<div class=\"premium-woo-product-wrapper premium-con-lq__none\">\n\t\t<div class=\"premium-woo-product-thumbnail\"><div class=\"premium-woo-ribbon-container\">\t<div class=\"premium-woo-product-sale-wrap\">\n\t\t<span class=\"premium-woo-product-onsale\">Sale! <\/span>\n\t<\/div>\n\t<\/div><a href=\"https:\/\/julietromero.com\/en\/product\/revive-y-florece\/\" class=\"woocommerce-LoopProduct-link woocommerce-loop-product__link\"><img decoding=\"async\" src=\"https:\/\/julietromero.com\/wp-content\/uploads\/2024\/03\/1-e1753056865611.png\" alt=\"Revive y Florece\"><\/a><div class=\"premium-woo-qv-btn\" data-product-id=\"2074\">Quick View<i class=\"premium-woo-qv-icon fa fa-eye\" aria-hidden=\"true\"><\/i><\/div><div class=\"premium-woo-product-gallery-images\"><\/div><\/div><div class=\"premium-woo-products-details-wrap\"><a href=\"https:\/\/julietromero.com\/en\/product\/revive-y-florece\/\" class=\"premium-woo-product__link\"><h2 class=\"woocommerce-loop-product__title\">Taller Revive y florece<\/h2><\/a>\t\t\t<span class=\"premium-woo-product-category\">\n\t\t\t\tEspa\u00f1ol\t\t\t<\/span>\n\t\t\t<div class=\"premium-woo-product-info\">\n\t<span class=\"price\"><span class=\"sale-price\"><del aria-hidden=\"true\"><span class=\"woocommerce-Price-amount amount\"><bdi><span class=\"woocommerce-Price-currencySymbol\">&#36;<\/span>51.98<\/bdi><\/span><\/del> <span class=\"screen-reader-text\" data-no-translation=\"\" data-trp-gettext=\"\">Original price was: &#036;51.98.<\/span><ins aria-hidden=\"true\"><span class=\"woocommerce-Price-amount amount\"><bdi><span class=\"woocommerce-Price-currencySymbol\">&#36;<\/span>25.99<\/bdi><\/span><\/ins><span class=\"screen-reader-text\" data-no-translation=\"\" data-trp-gettext=\"\">Current price is: &#036;25.99.<\/span><\/span><\/span>\n<\/div><div class=\"premium-woo-atc-button\" ><a href=\"\/en\/wp-json\/wp\/v2\/pages\/2792?add-to-cart=2074\" aria-describedby=\"woocommerce_loop_add_to_cart_link_describedby_2074\" data-quantity=\"1\" class=\"button product_type_simple add_to_cart_button ajax_add_to_cart\" data-product_id=\"2074\" data-product_sku=\"\" aria-label=\"Add to cart: \u201cTaller Revive y florece\u201d\" rel=\"nofollow\" data-success_message=\"\u201cTaller Revive y florece\u201d has been added to your cart\" data-no-translation=\"\" data-trp-gettext=\"\" data-no-translation-aria-label=\"\" data-no-translation-data-success_message=\"\">Add to cart<\/a>\t<span id=\"woocommerce_loop_add_to_cart_link_describedby_2074\" class=\"screen-reader-text\">\n\t\t\t<\/span>\n<\/div><\/div>\t<\/div>\n<\/li>\n<\/ul>\n<\/div><\/div><div id=\"premium-woo-quick-view-554d47e\" class=\"premium-woo-quick-view-554d47e\">\n\t<div class=\"premium-woo-quick-view-back\">\n\t\t<div class=\"premium-woo-quick-view-loader\"><\/div>\n\t<\/div>\n\t<div id=\"premium-woo-quick-view-modal\">\n\t\t<div class=\"premium-woo-content-main-wrapper\"><!--\n\t\t--><div class=\"premium-woo-content-main\">\n\t\t\t\t<div class=\"premium-woo-lightbox-content\">\n\n\t\t\t\t\t<a href=\"#\" class=\"premium-woo-quick-view-close fa fa-window-close\"><\/a>\n\n\t\t\t\t\t<div id=\"premium-woo-quick-view-content\" class=\"woocommerce single-product\"><\/div>\n\t\t\t\t<\/div>\n\t\t\t<\/div>\n\t\t<\/div>\n\t<\/div>\n<\/div>\n\t\t\t\t<\/div>\n\t\t\t\t<\/div>\n\t\t\t\t\t<\/div>\n\t\t<\/div>\n\t\t\t\t\t<\/div>\n\t\t<\/section>\n\t\t\t\t<\/div>","protected":false},"excerpt":{"rendered":"<p>\u00a1Oferta! Vista r\u00e1pida Revive &#038; Flourish Workshop English &#36;51.98 El precio original era: &#036;51.98.&#36;25.99El precio actual es: &#036;25.99. A\u00f1adir al carrito \u00a1Oferta! Vista r\u00e1pida Taller Revive y florece Espa\u00f1ol &#36;51.98 El precio original era: &#036;51.98.&#36;25.99El precio actual es: &#036;25.99. A\u00f1adir al carrito<\/p>","protected":false},"author":3,"featured_media":0,"parent":0,"menu_order":0,"comment_status":"closed","ping_status":"closed","template":"","meta":{"footnotes":""},"class_list":["post-2792","page","type-page","status-publish","hentry"],"blocksy_meta":[],"yoast_head":"<!-- This site is optimized with the Yoast SEO plugin v27.4 - https:\/\/yoast.com\/product\/yoast-seo-wordpress\/ -->\n<title>Talleres - Juliet Romero<\/title>\n<meta name=\"robots\" content=\"index, follow, max-snippet:-1, max-image-preview:large, max-video-preview:-1\" \/>\n<link rel=\"canonical\" href=\"https:\/\/julietromero.com\/en\/talleres\/\" \/>\n<meta property=\"og:locale\" content=\"en_US\" \/>\n<meta property=\"og:type\" content=\"article\" \/>\n<meta property=\"og:title\" content=\"Talleres - Juliet Romero\" \/>\n<meta property=\"og:description\" content=\"\u00a1Oferta! Vista r\u00e1pida Revive &#038; Flourish Workshop English &#036;51.98 El precio original era: &#036;51.98.&#036;25.99El precio actual es: &#036;25.99. A\u00f1adir al carrito \u00a1Oferta! Vista r\u00e1pida Taller Revive y florece Espa\u00f1ol &#036;51.98 El precio original era: &#036;51.98.&#036;25.99El precio actual es: &#036;25.99. A\u00f1adir al carrito\" \/>\n<meta property=\"og:url\" content=\"https:\/\/julietromero.com\/en\/talleres\/\" \/>\n<meta property=\"og:site_name\" content=\"Juliet Romero\" \/>\n<meta property=\"article:modified_time\" content=\"2025-07-25T19:48:17+00:00\" \/>\n<meta property=\"og:image\" content=\"http:\/\/julietromero.com\/wp-content\/uploads\/2025\/06\/foto-workshop.png\" \/>\n<meta name=\"twitter:card\" content=\"summary_large_image\" \/>\n<meta name=\"twitter:label1\" content=\"Est. reading time\" \/>\n\t<meta name=\"twitter:data1\" content=\"1 minute\" \/>\n<script type=\"application\/ld+json\" class=\"yoast-schema-graph\">{\"@context\":\"https:\\\/\\\/schema.org\",\"@graph\":[{\"@type\":\"WebPage\",\"@id\":\"https:\\\/\\\/julietromero.com\\\/talleres\\\/\",\"url\":\"https:\\\/\\\/julietromero.com\\\/talleres\\\/\",\"name\":\"Talleres - Juliet Romero\",\"isPartOf\":{\"@id\":\"https:\\\/\\\/julietromero.com\\\/#website\"},\"primaryImageOfPage\":{\"@id\":\"https:\\\/\\\/julietromero.com\\\/talleres\\\/#primaryimage\"},\"image\":{\"@id\":\"https:\\\/\\\/julietromero.com\\\/talleres\\\/#primaryimage\"},\"thumbnailUrl\":\"http:\\\/\\\/julietromero.com\\\/wp-content\\\/uploads\\\/2025\\\/06\\\/foto-workshop.png\",\"datePublished\":\"2025-07-20T23:45:12+00:00\",\"dateModified\":\"2025-07-25T19:48:17+00:00\",\"breadcrumb\":{\"@id\":\"https:\\\/\\\/julietromero.com\\\/talleres\\\/#breadcrumb\"},\"inLanguage\":\"en-US\",\"potentialAction\":[{\"@type\":\"ReadAction\",\"target\":[\"https:\\\/\\\/julietromero.com\\\/talleres\\\/\"]}]},{\"@type\":\"ImageObject\",\"inLanguage\":\"en-US\",\"@id\":\"https:\\\/\\\/julietromero.com\\\/talleres\\\/#primaryimage\",\"url\":\"http:\\\/\\\/julietromero.com\\\/wp-content\\\/uploads\\\/2025\\\/06\\\/foto-workshop.png\",\"contentUrl\":\"http:\\\/\\\/julietromero.com\\\/wp-content\\\/uploads\\\/2025\\\/06\\\/foto-workshop.png\"},{\"@type\":\"BreadcrumbList\",\"@id\":\"https:\\\/\\\/julietromero.com\\\/talleres\\\/#breadcrumb\",\"itemListElement\":[{\"@type\":\"ListItem\",\"position\":1,\"name\":\"Portada\",\"item\":\"https:\\\/\\\/julietromero.com\\\/\"},{\"@type\":\"ListItem\",\"position\":2,\"name\":\"Talleres\"}]},{\"@type\":\"WebSite\",\"@id\":\"https:\\\/\\\/julietromero.com\\\/#website\",\"url\":\"https:\\\/\\\/julietromero.com\\\/\",\"name\":\"Juliet Romero\",\"description\":\"Sesiones privadas de asesoramiento basado en coaching profesional, teor\u00edas y t\u00e9cnicas de la psicolog\u00eda.\",\"publisher\":{\"@id\":\"https:\\\/\\\/julietromero.com\\\/#organization\"},\"potentialAction\":[{\"@type\":\"SearchAction\",\"target\":{\"@type\":\"EntryPoint\",\"urlTemplate\":\"https:\\\/\\\/julietromero.com\\\/?s={search_term_string}\"},\"query-input\":{\"@type\":\"PropertyValueSpecification\",\"valueRequired\":true,\"valueName\":\"search_term_string\"}}],\"inLanguage\":\"en-US\"},{\"@type\":\"Organization\",\"@id\":\"https:\\\/\\\/julietromero.com\\\/#organization\",\"name\":\"Juliet Romero\",\"url\":\"https:\\\/\\\/julietromero.com\\\/\",\"logo\":{\"@type\":\"ImageObject\",\"inLanguage\":\"en-US\",\"@id\":\"https:\\\/\\\/julietromero.com\\\/#\\\/schema\\\/logo\\\/image\\\/\",\"url\":\"https:\\\/\\\/julietromero.com\\\/wp-content\\\/uploads\\\/2021\\\/10\\\/WhatsApp-Image-2021-10-28-at-5.38.14-PM_preview_rev_1.png\",\"contentUrl\":\"https:\\\/\\\/julietromero.com\\\/wp-content\\\/uploads\\\/2021\\\/10\\\/WhatsApp-Image-2021-10-28-at-5.38.14-PM_preview_rev_1.png\",\"width\":500,\"height\":500,\"caption\":\"Juliet Romero\"},\"image\":{\"@id\":\"https:\\\/\\\/julietromero.com\\\/#\\\/schema\\\/logo\\\/image\\\/\"}}]}<\/script>\n<!-- \/ Yoast SEO plugin. -->","yoast_head_json":{"title":"Talleres - Juliet Romero","robots":{"index":"index","follow":"follow","max-snippet":"max-snippet:-1","max-image-preview":"max-image-preview:large","max-video-preview":"max-video-preview:-1"},"canonical":"https:\/\/julietromero.com\/en\/talleres\/","og_locale":"en_US","og_type":"article","og_title":"Talleres - Juliet Romero","og_description":"\u00a1Oferta! Vista r\u00e1pida Revive &#038; Flourish Workshop English &#36;51.98 El precio original era: &#036;51.98.&#36;25.99El precio actual es: &#036;25.99. A\u00f1adir al carrito \u00a1Oferta! Vista r\u00e1pida Taller Revive y florece Espa\u00f1ol &#36;51.98 El precio original era: &#036;51.98.&#36;25.99El precio actual es: &#036;25.99. A\u00f1adir al carrito","og_url":"https:\/\/julietromero.com\/en\/talleres\/","og_site_name":"Juliet Romero","article_modified_time":"2025-07-25T19:48:17+00:00","og_image":[{"url":"http:\/\/julietromero.com\/wp-content\/uploads\/2025\/06\/foto-workshop.png","type":"","width":"","height":""}],"twitter_card":"summary_large_image","twitter_misc":{"Est. reading time":"1 minute"},"schema":{"@context":"https:\/\/schema.org","@graph":[{"@type":"WebPage","@id":"https:\/\/julietromero.com\/talleres\/","url":"https:\/\/julietromero.com\/talleres\/","name":"Talleres - Juliet Romero","isPartOf":{"@id":"https:\/\/julietromero.com\/#website"},"primaryImageOfPage":{"@id":"https:\/\/julietromero.com\/talleres\/#primaryimage"},"image":{"@id":"https:\/\/julietromero.com\/talleres\/#primaryimage"},"thumbnailUrl":"http:\/\/julietromero.com\/wp-content\/uploads\/2025\/06\/foto-workshop.png","datePublished":"2025-07-20T23:45:12+00:00","dateModified":"2025-07-25T19:48:17+00:00","breadcrumb":{"@id":"https:\/\/julietromero.com\/talleres\/#breadcrumb"},"inLanguage":"en-US","potentialAction":[{"@type":"ReadAction","target":["https:\/\/julietromero.com\/talleres\/"]}]},{"@type":"ImageObject","inLanguage":"en-US","@id":"https:\/\/julietromero.com\/talleres\/#primaryimage","url":"http:\/\/julietromero.com\/wp-content\/uploads\/2025\/06\/foto-workshop.png","contentUrl":"http:\/\/julietromero.com\/wp-content\/uploads\/2025\/06\/foto-workshop.png"},{"@type":"BreadcrumbList","@id":"https:\/\/julietromero.com\/talleres\/#breadcrumb","itemListElement":[{"@type":"ListItem","position":1,"name":"Portada","item":"https:\/\/julietromero.com\/"},{"@type":"ListItem","position":2,"name":"Talleres"}]},{"@type":"WebSite","@id":"https:\/\/julietromero.com\/#website","url":"https:\/\/julietromero.com\/","name":"Juliet Romero","description":"Sesiones privadas de asesoramiento basado en coaching profesional, teor\u00edas y t\u00e9cnicas de la psicolog\u00eda.","publisher":{"@id":"https:\/\/julietromero.com\/#organization"},"potentialAction":[{"@type":"SearchAction","target":{"@type":"EntryPoint","urlTemplate":"https:\/\/julietromero.com\/?s={search_term_string}"},"query-input":{"@type":"PropertyValueSpecification","valueRequired":true,"valueName":"search_term_string"}}],"inLanguage":"en-US"},{"@type":"Organization","@id":"https:\/\/julietromero.com\/#organization","name":"Juliet Romero","url":"https:\/\/julietromero.com\/","logo":{"@type":"ImageObject","inLanguage":"en-US","@id":"https:\/\/julietromero.com\/#\/schema\/logo\/image\/","url":"https:\/\/julietromero.com\/wp-content\/uploads\/2021\/10\/WhatsApp-Image-2021-10-28-at-5.38.14-PM_preview_rev_1.png","contentUrl":"https:\/\/julietromero.com\/wp-content\/uploads\/2021\/10\/WhatsApp-Image-2021-10-28-at-5.38.14-PM_preview_rev_1.png","width":500,"height":500,"caption":"Juliet Romero"},"image":{"@id":"https:\/\/julietromero.com\/#\/schema\/logo\/image\/"}}]}},"_links":{"self":[{"href":"https:\/\/julietromero.com\/en\/wp-json\/wp\/v2\/pages\/2792","targetHints":{"allow":["GET"]}}],"collection":[{"href":"https:\/\/julietromero.com\/en\/wp-json\/wp\/v2\/pages"}],"about":[{"href":"https:\/\/julietromero.com\/en\/wp-json\/wp\/v2\/types\/page"}],"author":[{"embeddable":true,"href":"https:\/\/julietromero.com\/en\/wp-json\/wp\/v2\/users\/3"}],"replies":[{"embeddable":true,"href":"https:\/\/julietromero.com\/en\/wp-json\/wp\/v2\/comments?post=2792"}],"version-history":[{"count":10,"href":"https:\/\/julietromero.com\/en\/wp-json\/wp\/v2\/pages\/2792\/revisions"}],"predecessor-version":[{"id":2806,"href":"https:\/\/julietromero.com\/en\/wp-json\/wp\/v2\/pages\/2792\/revisions\/2806"}],"wp:attachment":[{"href":"https:\/\/julietromero.com\/en\/wp-json\/wp\/v2\/media?parent=2792"}],"curies":[{"name":"wp","href":"https:\/\/api.w.org\/{rel}","templated":true}]}}